{"id":1495,"date":"2024-01-09T15:31:57","date_gmt":"2024-01-09T13:31:57","guid":{"rendered":"https:\/\/www.firnax.com\/?post_type=product&#038;p=1495"},"modified":"2024-01-09T22:25:27","modified_gmt":"2024-01-09T20:25:27","slug":"portatil-lenovo-v15-g4-amn-82yu00trsp-ryzen-5-7520u-8gb-256gb-ssd-15-6-win11","status":"publish","type":"product","link":"https:\/\/www.firnax.com\/index.php\/producto\/portatil-lenovo-v15-g4-amn-82yu00trsp-ryzen-5-7520u-8gb-256gb-ssd-15-6-win11\/","title":{"rendered":"Port\u00e1til Lenovo V15 G4 AMN 82YU00TRSP Ryzen 5 7520U\/ 8GB\/ 256GB SSD\/ 15.6&#8243;\/ Win11"},"content":{"rendered":"<h2>Port\u00e1til Lenovo V15 G4 AMN<\/h2>\n<p>&nbsp;<\/p>\n<ul>\n<li><b>Procesador<\/b><\/li>\n<li>AMD Ryzen\u2122 5 7520U (4C\/8T, 2,8\/4,3 GHz, 2 MB L2\/4 MB L3)<\/li>\n<li><b>Gr\u00e1ficos<\/b><\/li>\n<li>Gr\u00e1ficos AMD Radeon\u2122 610M integrados<\/li>\n<li>conjunto de chips<\/li>\n<li>Plataforma AMD SoC<\/li>\n<li><b>Memoria<\/b><\/li>\n<li>8 GB soldado LPDDR5-4800<\/li>\n<li>Ranuras de memoria<\/li>\n<li>Memoria soldada a la placa del sistema, sin ranuras, de dos canales<\/li>\n<li>Memoria m\u00e1xima<\/li>\n<li>Memoria soldada de 8GB, no actualizable<\/li>\n<li><b>Almacenamiento<\/b><\/li>\n<li>SSD de 256 GB M.2 2242 PCIe\u00ae 4.0&#215;4 NVMe\u00ae<\/li>\n<li>Soporte de almacenamiento<\/li>\n<li>Una unidad, hasta 512 GB M.2 2242 SSD<\/li>\n<li>Ranura de almacenamiento<\/li>\n<li>Una ranura M.2 2242 PCIe\u00ae 3.0 x2<\/li>\n<li><b>microprocesador de audio<\/b><\/li>\n<li>Audio de alta definici\u00f3n (HD), c\u00f3dec Realtek\u00ae ALC3287<\/li>\n<li><b>Altavoces<\/b><\/li>\n<li>Altavoces est\u00e9reo, 1,5 W x2, Dolby\u00ae Audio\u2122<\/li>\n<li><b>C\u00e1mara<\/b><\/li>\n<li>HD 720p con obturador de privacidad<\/li>\n<li><b>Micr\u00f3fono<\/b><\/li>\n<li>2x, matriz<\/li>\n<li><b>Bater\u00eda<\/b><\/li>\n<li>Integrado 38Wh<\/li>\n<li>Duraci\u00f3n m\u00e1xima de la bater\u00eda<\/li>\n<li>Modelos con bater\u00eda de 38 Wh: MobileMark\u00ae 2018: 8,7 h Reproducci\u00f3n de video local (1080p) a 150 nits: 14,4 h<\/li>\n<li><b>Adaptador de corriente<\/b><\/li>\n<li>Punta redonda de 65 W (3 pines)<\/li>\n<li><b>DISE\u00d1O<\/b><\/li>\n<li>Pantalla<\/li>\n<li>FHD de 15,6&#8243; (1920 x 1080) TN 250 nits Antirreflejo<\/li>\n<li><b>Teclado<\/b><\/li>\n<li>No retroiluminado, Espa\u00f1ol<\/li>\n<li><b>Color\u00a0<\/b><\/li>\n<li>Negro<\/li>\n<li>Tratamiento de superficies<\/li>\n<li>Textura<\/li>\n<li>Material de la Caja<\/li>\n<li>PC-ABS (superior), PC-ABS (inferior)<\/li>\n<li><b>Dimensiones (An. x Pr. x Al.)<\/b><\/li>\n<li>359,2 x 235,8 x 19,9 mm (14,14 x 9,28 x 0,78 pulgadas)<\/li>\n<li><b>Peso<\/b><\/li>\n<li>A partir de 1,65 kg (3,63 libras)<\/li>\n<li><b>SOFTWARE<\/b><\/li>\n<li><b>Sistema operativo<\/b><\/li>\n<li>Windows\u00ae 11 Home, Espa\u00f1ol<\/li>\n<li><b>CONECTIVIDAD<\/b><\/li>\n<li>ethernet<\/li>\n<li>100\/1000M (RJ-45)<\/li>\n<li>WiFi + Bluetooth<\/li>\n<li>11ac 2&#215;2 + BT5.1<\/li>\n<li><b>Puertos est\u00e1ndar<\/b>\n<ul>\n<li>2x USB 3.2 Gen 1<\/li>\n<li>1x USB-C\u00ae 3.2 Gen 1 (admite transferencia de datos, Power Delivery (solo 20 V) y DisplayPort\u2122 1.2)<\/li>\n<li>1x HDMI\u00ae 1.4b<\/li>\n<li>1 Ethernet (RJ-45)<\/li>\n<li>1 conector combinado de auriculares\/micr\u00f3fono (3,5 mm)<\/li>\n<li>1 conector de alimentaci\u00f3n.<\/li>\n<\/ul>\n<\/li>\n<li><b>Chip de seguridad<\/b><\/li>\n<li>Firmware TPM 2.0 habilitado<\/li>\n<li>Cerraduras f\u00edsicas<\/li>\n<li>Ranura de seguridad Kensington\u00ae Nano\u2122, 2,5 x 6 mm<\/li>\n<li>Otra seguridad<\/li>\n<li>Obturador de privacidad de la c\u00e1mara<\/li>\n<li><b>CERTIFICACIONES<\/b><\/li>\n<li>Certificaciones Verdes<\/li>\n<li>Paquete certificado FSC<\/li>\n<li>Registro de plata EPEAT\u2122<\/li>\n<li>ENERGY STAR\u00ae 8.0<\/li>\n<li>ErP Lote 3<\/li>\n<li>RoHS<\/li>\n<li><b>Otras Certificaciones<\/b><\/li>\n<li>T\u00dcV Rheinland\u00ae Low Blue Light (soluci\u00f3n de software)<\/li>\n<li>Prueba de especificaciones militares<\/li>\n<li>Prueba militar MIL-STD-810H superada<\/li>\n<\/ul>\n","protected":false},"excerpt":{"rendered":"<p>Port\u00e1til Lenovo V15 G4 AMN &nbsp; Procesador AMD Ryzen\u2122 5 7520U (4C\/8T, 2,8\/4,3 GHz, 2 MB L2\/4 MB L3) Gr\u00e1ficos Gr\u00e1ficos AMD Radeon\u2122 610M integrados conjunto de chips Plataforma AMD SoC Memoria 8 GB soldado LPDDR5-4800 Ranuras de memoria Memoria soldada a la placa del sistema, sin ranuras, de dos canales Memoria m\u00e1xima Memoria soldada [&hellip;]<\/p>\n","protected":false},"featured_media":1496,"template":"","meta":{"site-sidebar-layout":"default","site-content-layout":"","ast-site-content-layout":"default","site-content-style":"default","site-sidebar-style":"default","ast-global-header-display":"","ast-banner-title-visibility":"","ast-main-header-display":"","ast-hfb-above-header-display":"","ast-hfb-below-header-display":"","ast-hfb-mobile-header-display":"","site-post-title":"","ast-breadcrumbs-content":"","ast-featured-img":"","footer-sml-layout":"","ast-disable-related-posts":"","theme-transparent-header-meta":"default","adv-header-id-meta":"","stick-header-meta":"default","header-above-stick-meta":"","header-main-stick-meta":"","header-below-stick-meta":"","astra-migrate-meta-layouts":"set","ast-page-background-enabled":"default","ast-page-background-meta":{"desktop":{"background-color":"","background-image":"","background-repeat":"repeat","background-position":"center center","background-size":"auto","background-attachment":"scroll","background-type":"","background-media":"","overlay-type":"","overlay-color":"","overlay-opacity":"","overlay-gradient":""},"tablet":{"background-color":"","background-image":"","background-repeat":"repeat","background-position":"center center","background-size":"auto","background-attachment":"scroll","background-type":"","background-media":"","overlay-type":"","overlay-color":"","overlay-opacity":"","overlay-gradient":""},"mobile":{"background-color":"","background-image":"","background-repeat":"repeat","background-position":"center center","background-size":"auto","background-attachment":"scroll","background-type":"","background-media":"","overlay-type":"","overlay-color":"","overlay-opacity":"","overlay-gradient":""}},"ast-content-background-meta":{"desktop":{"background-color":"var(--ast-global-color-5)","background-image":"","background-repeat":"repeat","background-position":"center center","background-size":"auto","background-attachment":"scroll","background-type":"","background-media":"","overlay-type":"","overlay-color":"","overlay-opacity":"","overlay-gradient":""},"tablet":{"background-color":"var(--ast-global-color-5)","background-image":"","background-repeat":"repeat","background-position":"center center","background-size":"auto","background-attachment":"scroll","background-type":"","background-media":"","overlay-type":"","overlay-color":"","overlay-opacity":"","overlay-gradient":""},"mobile":{"background-color":"var(--ast-global-color-5)","background-image":"","background-repeat":"repeat","background-position":"center center","background-size":"auto","background-attachment":"scroll","background-type":"","background-media":"","overlay-type":"","overlay-color":"","overlay-opacity":"","overlay-gradient":""}}},"product_brand":[],"product_cat":[91],"product_tag":[],"class_list":{"0":"post-1495","1":"product","2":"type-product","3":"status-publish","4":"has-post-thumbnail","6":"product_cat-portatiles","7":"desktop-align-left","8":"tablet-align-left","9":"mobile-align-left","10":"ast-product-gallery-layout-horizontal","11":"ast-product-gallery-with-no-image","12":"ast-magnify-disabled","13":"ast-product-tabs-layout-vertical","15":"first","16":"instock","17":"taxable","18":"shipping-taxable","19":"product-type-simple"},"_links":{"self":[{"href":"https:\/\/www.firnax.com\/index.php\/wp-json\/wp\/v2\/product\/1495","targetHints":{"allow":["GET"]}}],"collection":[{"href":"https:\/\/www.firnax.com\/index.php\/wp-json\/wp\/v2\/product"}],"about":[{"href":"https:\/\/www.firnax.com\/index.php\/wp-json\/wp\/v2\/types\/product"}],"wp:featuredmedia":[{"embeddable":true,"href":"https:\/\/www.firnax.com\/index.php\/wp-json\/wp\/v2\/media\/1496"}],"wp:attachment":[{"href":"https:\/\/www.firnax.com\/index.php\/wp-json\/wp\/v2\/media?parent=1495"}],"wp:term":[{"taxonomy":"product_brand","embeddable":true,"href":"https:\/\/www.firnax.com\/index.php\/wp-json\/wp\/v2\/product_brand?post=1495"},{"taxonomy":"product_cat","embeddable":true,"href":"https:\/\/www.firnax.com\/index.php\/wp-json\/wp\/v2\/product_cat?post=1495"},{"taxonomy":"product_tag","embeddable":true,"href":"https:\/\/www.firnax.com\/index.php\/wp-json\/wp\/v2\/product_tag?post=1495"}],"curies":[{"name":"wp","href":"https:\/\/api.w.org\/{rel}","templated":true}]}}