{"id":1482,"date":"2024-01-09T15:18:28","date_gmt":"2024-01-09T13:18:28","guid":{"rendered":"https:\/\/www.firnax.com\/?post_type=product&#038;p=1482"},"modified":"2024-01-09T22:25:51","modified_gmt":"2024-01-09T20:25:51","slug":"monitor-aoc-27b2h-27-full-hd-negro","status":"publish","type":"product","link":"https:\/\/www.firnax.com\/index.php\/producto\/monitor-aoc-27b2h-27-full-hd-negro\/","title":{"rendered":"Monitor AOC 27B2H 27&#8243;\/ Full HD\/ Negro"},"content":{"rendered":"<div>\n<h2>Elegante y funcional<\/h2>\n<p>El 27B2H de AOC cuenta con un panel IPS de 27&#8243; y Full HD con el que disfrutar\u00e1s de colores incre\u00edblemente realistas. Conexiones VGA y HDMI para que conectes casi cualquier dispositivo fuente. El 27B2H es perfecto para configuraciones multimonitor gracias a su adaptador de montaje VESA, a su panel sin borde en 3 lados y a su amplio \u00e1ngulo de visi\u00f3n. Y por si fuera poco, incorpora las tecnolog\u00edas LowBlue y FlickerFree.<\/p>\n<h2>Dise\u00f1o sin marcos<\/h2>\n<p>Adem\u00e1s de tener un aspecto moderno y atractivo, el dise\u00f1o sin marcos permite configuraciones integrales de varios monitores. No volver\u00e1s a perder el cursor o las ventanas en el abismo de los biseles oscuros cuando se coloquen muchas pantallas una junto a la otra.<\/p>\n<h2>HDMI<\/h2>\n<p>La HDMI (interfaz multimedia de alta definici\u00f3n) se admite en consolas de videojuegos actuales, GPU actuales y decodificadores, que admitan el sistema HDCP de protecci\u00f3n del contenido digital. Las versiones 1.3-1.4b de HDMI admiten una frecuencia de actualizaci\u00f3n de hasta 144 Hz y 1080p o 75 Hz y 1440p, mientras que las versiones 2.0-2.0b de HDMI admiten 240 Hz y 1080p, 144 Hz y 1440p, as\u00ed como 60 Hz y 2160p (4 K).<\/p>\n<h2>Resoluci\u00f3n Full HD<\/h2>\n<p>\u00bfQuiere ver una pel\u00edcula en Blu-Ray a calidad total, disfrutar los juegos en alta resoluci\u00f3n o leer texto n\u00edtido en aplicaciones de oficina? Gracias a su resoluci\u00f3n Full HD de 1920 x 1080 p\u00edxeles, este monitor le permite hacer exactamente eso. No importa lo que est\u00e9 viendo, con FULL HD se mostrar\u00e1 con rico detalle sin necesidad de una tarjeta gr\u00e1fica de alta gama o consumir muchos de los recursos de su sistema.<\/p>\n<h2>Panel IPS<\/h2>\n<p>El panel IPS garantiza una excelente experiencia de visi\u00f3n con colores realistas, fieles y brillantes. Los colores muestran un aspecto coherente desde cualquier \u00e1ngulo que se mire a la pantalla.<\/p>\n<h2>Modo Low Blue Light<\/h2>\n<p>La luz azul de onda corta puede ocasionar lesiones en la vista. La tecnolog\u00eda Anti Blue Light de AOC bloquea los rayos de luz azul da\u00f1inos sin alterar el color de la pantalla. Otros m\u00e9todos de reducci\u00f3n de la luz azul utilizan filtros o ajustes que oscurecen ligeramente o dan un tono amarillento a las im\u00e1genes.<\/p>\n<h2>Flicker Free<\/h2>\n<p>La tecnolog\u00eda Flicker-Free de AOC utiliza un panel de luz de fondo de corriente continua (corriente CC), que reduce los niveles de luz parpadeante. Al minimizar la fatiga visual y el cansancio, \u00a1prep\u00e1rate para disfrutar de esas largas e intensas sesiones de juego con incre\u00edble comodidad!<\/p>\n<\/div>\n<div><\/div>\n<div>\n<h2>Especificaciones<\/h2>\n<p>&nbsp;<\/p>\n<ul>\n<li>TAMA\u00d1O DE LA PANTALLA (PULGADAS)<\/li>\n<li>27<\/li>\n<li>TAMA\u00d1O PANTALLA (CM)<\/li>\n<li>68.58<\/li>\n<li>PLANO \/ CURVO<\/li>\n<li>Plano<\/li>\n<li>\u00c1REA DE VISUALIZACI\u00d3N PANTALLA (AL.XAN.) EN MM<\/li>\n<li>527,04 x 296,46<\/li>\n<li>DUREZA DE LA PANTALLA<\/li>\n<li>3H<\/li>\n<li>SEPARACI\u00d3N DE LOS P\u00cdXELES<\/li>\n<li>0.3114<\/li>\n<li>RESOLUCI\u00d3N DEL PANEL<\/li>\n<li>1920&#215;1080<\/li>\n<li>NOMBRE DE LA RESOLUCI\u00d3N<\/li>\n<li>FHD<\/li>\n<li>RELACI\u00d3N DE ASPECTO<\/li>\n<li>16:9<\/li>\n<li>TIPO DE PANEL<\/li>\n<li>IPS<\/li>\n<li>BRILLO EN NITS<\/li>\n<li>TIPO DE RETROILUMINACI\u00d3N<\/li>\n<li>WLED<\/li>\n<li>TASA DE REFRESCO<\/li>\n<li>75 Hz<\/li>\n<li>TIEMPO DE RESPUESTA GTG<\/li>\n<li>4 ms<\/li>\n<li>RELACI\u00d3N DE CONTRASTE EST\u00c1TICO<\/li>\n<li>1000:1<\/li>\n<li>RELACI\u00d3N DE CONTRASTE DIN\u00c1MICO<\/li>\n<li>20M:1<\/li>\n<li>\u00c1NGULO DE VISI\u00d3N (CR10)<\/li>\n<li>178\/178<\/li>\n<li>COLORES DE LA PANTALLA<\/li>\n<li>16,7 millones<\/li>\n<li><b>Funciones de v\u00eddeo<\/b><\/li>\n<li>FRECUENCIA DE SE\u00d1AL DIGITAL<\/li>\n<li>30 -83kHz (H) 50 -76 Hz (V)<\/li>\n<li>FLICKER-FREE (SIN PARPADEO)<\/li>\n<li>Flicker Free<\/li>\n<li>TECNOLOG\u00cdA BLUE LIGHT<\/li>\n<li>Luz azul baja<\/li>\n<li>ESPACIO DE COLOR (SRGB) CIE 1931 %<\/li>\n<li>101<\/li>\n<li>ESPACIO DE COLOR (ADOBE RGB) CIE 1931 %<\/li>\n<li>74<\/li>\n<li>ESPACIO DE COLOR (NTSC) CIE 1931 %<\/li>\n<li>72<\/li>\n<li><b>Informaci\u00f3n armario<\/b><\/li>\n<li>TIPO DE BISEL (FRONTAL)<\/li>\n<li>Sin marco en 3 lados<\/li>\n<li>COLOR DEL BISEL (FRONTAL)<\/li>\n<li>Negro<\/li>\n<li>ACABADO DEL BISEL (FRONTAL)<\/li>\n<li>Textura<\/li>\n<li>COLOR DEL ARMARIO (PARTE TRASERA)<\/li>\n<li>Negro<\/li>\n<li>ACABADO DEL ARMARIO (PARTE TRASERA)<\/li>\n<li>Textura<\/li>\n<li>BLOQUEO KENSINGTON<\/li>\n<li>\u2713<\/li>\n<li>SOPORTE DE PARED VESA<\/li>\n<li>100&#215;100<\/li>\n<li><b>Informaci\u00f3n ergon\u00f3mica<\/b><\/li>\n<li>INCLINACI\u00d3N<\/li>\n<li>-5\/21,5<\/li>\n<li><b>Sostenibilidad<\/b><\/li>\n<li>WEEE<\/li>\n<li>\u2713<\/li>\n<li>CONFORME CON REACH<\/li>\n<li>\u2713<\/li>\n<li>CONFORME CON ROHS<\/li>\n<li>\u2713<\/li>\n<li>HF<\/li>\n<li>\u2713<\/li>\n<li>SIN MERCURIO<\/li>\n<li>\u2713<\/li>\n<li>MATERIAL DE EMBALAJE RECICLABLE<\/li>\n<li>100 % reciclable<\/li>\n<li><b>Consumo de energ\u00eda<\/b><\/li>\n<li>ALIMENTACI\u00d3N EL\u00c9CTRICA<\/li>\n<li>Externo<\/li>\n<li>FUENTE DE ALIMENTACI\u00d3N<\/li>\n<li>100 &#8211; 240V 50\/60Hz<\/li>\n<li>CONSUMO DE ENERG\u00cdA ENCENDIDO (M\u00c9TODO DE PRUEBA ENERGYSTAR) EN VATIOS<\/li>\n<li>22<\/li>\n<li>CONSUMO DE ENERG\u00cdA EN STANDBY EN VATIOS<\/li>\n<li>0.5<\/li>\n<li>CONSUMO DE ENERG\u00cdA APAGADO EN VATIOS<\/li>\n<li>0.5<\/li>\n<li>CLASE DE ENERG\u00cdA<\/li>\n<li>E<\/li>\n<li><b>Informaci\u00f3n de conectividad<\/b><\/li>\n<li>HDMI<\/li>\n<li>HDMI 1.4 x 1<\/li>\n<li>D-SUB (VGA)<\/li>\n<li>1x<\/li>\n<li>SALIDA DE AUDIO<\/li>\n<li>Salida de auriculares (3,5 mm)<\/li>\n<li><b>Dimensiones del producto<\/b><\/li>\n<li>DIMENSIONES DEL PRODUCTO, CON BASE (AXAXF) MM<\/li>\n<li>456.39(H) x 612.14(W) x 182.95(D)<\/li>\n<li>DIMENSIONES DEL PRODUCTO SIN BASE (AXAXF) MM<\/li>\n<li>361.39(H) x 612.14(W) x 36.1(D)<\/li>\n<li>DIMENSIONES DEL EMBALAJE (AXAXF) MM<\/li>\n<li>520(H) x 678(W) x 131(D)<\/li>\n<li>PESO BRUTO CON EMBALAJE INCLUIDO (EN KG)<\/li>\n<li>5.5<\/li>\n<li>PESO NETO CON EMBALAJE (EN KG)<\/li>\n<li>3.6<\/li>\n<li><b>Cumplimiento con la normativa<\/b><\/li>\n<li>CB<\/li>\n<li>\u2713<\/li>\n<li>CE<\/li>\n<li>\u2713<\/li>\n<li>TUV-BAUART-MARK<\/li>\n<li>\u2713<\/li>\n<li>ISO 9241-307<\/li>\n<li>\u2713<\/li>\n<li>EAC<\/li>\n<li>\u2713<\/li>\n<li>MICROSOFT WHQL<\/li>\n<li>\u2713<\/li>\n<li><b>Contenido de la caja<\/b><\/li>\n<li>CABLE HDMI<\/li>\n<li>1.8<\/li>\n<li>CABLE DE CORRIENTE C13<\/li>\n<li>1.8<\/li>\n<li>IDIOMAS DE PANTALLA<\/li>\n<li>Ingl\u00e9s, Franc\u00e9s, Alem\u00e1n, Checo, Ruso, Croata, Chino (tradicional), Chino (simplificado), Espa\u00f1ol, Portugu\u00e9s, Italiano, Holand\u00e9s, Sueco, Fin\u00e9s, Polaco, Japon\u00e9s, Ucraniano, Turco, Coreano<\/li>\n<\/ul>\n<\/div>\n","protected":false},"excerpt":{"rendered":"<p>Elegante y funcional El 27B2H de AOC cuenta con un panel IPS de 27&#8243; y Full HD con el que disfrutar\u00e1s de colores incre\u00edblemente realistas. Conexiones VGA y HDMI para que conectes casi cualquier dispositivo fuente. El 27B2H es perfecto para configuraciones multimonitor gracias a su adaptador de montaje VESA, a su panel sin borde [&hellip;]<\/p>\n","protected":false},"featured_media":1483,"template":"","meta":{"site-sidebar-layout":"default","site-content-layout":"","ast-site-content-layout":"default","site-content-style":"default","site-sidebar-style":"default","ast-global-header-display":"","ast-banner-title-visibility":"","ast-main-header-display":"","ast-hfb-above-header-display":"","ast-hfb-below-header-display":"","ast-hfb-mobile-header-display":"","site-post-title":"","ast-breadcrumbs-content":"","ast-featured-img":"","footer-sml-layout":"","ast-disable-related-posts":"","theme-transparent-header-meta":"default","adv-header-id-meta":"","stick-header-meta":"default","header-above-stick-meta":"","header-main-stick-meta":"","header-below-stick-meta":"","astra-migrate-meta-layouts":"set","ast-page-background-enabled":"default","ast-page-background-meta":{"desktop":{"background-color":"","background-image":"","background-repeat":"repeat","background-position":"center center","background-size":"auto","background-attachment":"scroll","background-type":"","background-media":"","overlay-type":"","overlay-color":"","overlay-opacity":"","overlay-gradient":""},"tablet":{"background-color":"","background-image":"","background-repeat":"repeat","background-position":"center center","background-size":"auto","background-attachment":"scroll","background-type":"","background-media":"","overlay-type":"","overlay-color":"","overlay-opacity":"","overlay-gradient":""},"mobile":{"background-color":"","background-image":"","background-repeat":"repeat","background-position":"center center","background-size":"auto","background-attachment":"scroll","background-type":"","background-media":"","overlay-type":"","overlay-color":"","overlay-opacity":"","overlay-gradient":""}},"ast-content-background-meta":{"desktop":{"background-color":"var(--ast-global-color-5)","background-image":"","background-repeat":"repeat","background-position":"center center","background-size":"auto","background-attachment":"scroll","background-type":"","background-media":"","overlay-type":"","overlay-color":"","overlay-opacity":"","overlay-gradient":""},"tablet":{"background-color":"var(--ast-global-color-5)","background-image":"","background-repeat":"repeat","background-position":"center center","background-size":"auto","background-attachment":"scroll","background-type":"","background-media":"","overlay-type":"","overlay-color":"","overlay-opacity":"","overlay-gradient":""},"mobile":{"background-color":"var(--ast-global-color-5)","background-image":"","background-repeat":"repeat","background-position":"center center","background-size":"auto","background-attachment":"scroll","background-type":"","background-media":"","overlay-type":"","overlay-color":"","overlay-opacity":"","overlay-gradient":""}}},"product_brand":[],"product_cat":[93],"product_tag":[],"class_list":{"0":"post-1482","1":"product","2":"type-product","3":"status-publish","4":"has-post-thumbnail","6":"product_cat-monitores","7":"desktop-align-left","8":"tablet-align-left","9":"mobile-align-left","10":"ast-product-gallery-layout-horizontal","11":"ast-magnify-disabled","12":"ast-product-tabs-layout-vertical","14":"first","15":"instock","16":"taxable","17":"shipping-taxable","18":"product-type-simple"},"_links":{"self":[{"href":"https:\/\/www.firnax.com\/index.php\/wp-json\/wp\/v2\/product\/1482","targetHints":{"allow":["GET"]}}],"collection":[{"href":"https:\/\/www.firnax.com\/index.php\/wp-json\/wp\/v2\/product"}],"about":[{"href":"https:\/\/www.firnax.com\/index.php\/wp-json\/wp\/v2\/types\/product"}],"wp:featuredmedia":[{"embeddable":true,"href":"https:\/\/www.firnax.com\/index.php\/wp-json\/wp\/v2\/media\/1483"}],"wp:attachment":[{"href":"https:\/\/www.firnax.com\/index.php\/wp-json\/wp\/v2\/media?parent=1482"}],"wp:term":[{"taxonomy":"product_brand","embeddable":true,"href":"https:\/\/www.firnax.com\/index.php\/wp-json\/wp\/v2\/product_brand?post=1482"},{"taxonomy":"product_cat","embeddable":true,"href":"https:\/\/www.firnax.com\/index.php\/wp-json\/wp\/v2\/product_cat?post=1482"},{"taxonomy":"product_tag","embeddable":true,"href":"https:\/\/www.firnax.com\/index.php\/wp-json\/wp\/v2\/product_tag?post=1482"}],"curies":[{"name":"wp","href":"https:\/\/api.w.org\/{rel}","templated":true}]}}