{"id":1473,"date":"2024-01-09T15:09:39","date_gmt":"2024-01-09T13:09:39","guid":{"rendered":"https:\/\/www.firnax.com\/?post_type=product&#038;p=1473"},"modified":"2024-01-09T22:26:05","modified_gmt":"2024-01-09T20:26:05","slug":"lector-de-codigo-de-barras-1d-10pos-ls-270un-usb","status":"publish","type":"product","link":"https:\/\/www.firnax.com\/index.php\/producto\/lector-de-codigo-de-barras-1d-10pos-ls-270un-usb\/","title":{"rendered":"Lector de C\u00f3digo de Barras 1D 10POS LS-270UN\/ USB"},"content":{"rendered":"<div>\n<p>Lector de c\u00f3digo de barras L\u00e1ser, capaz de leer todos los tipos de c\u00f3digo 1D est\u00e1ndar del mercado, con un precio muy competitivo.<\/p>\n<p>Carcasa con dise\u00f1o ergon\u00f3mico para un uso continuo y con sellado IP64.<\/p>\n<p>El scanner ofrece auto discriminaci\u00f3n de c\u00f3digos, alta capacidad de decodificaci\u00f3n y de lectura y un reducido consumo de energ\u00eda, as\u00ed como modo de lectura autom\u00e1tica.<\/p>\n<p>Su programaci\u00f3n es tambi\u00e9n muy sencilla, a partir de c\u00f3digos de barras incluidos en el manual.<\/p>\n<\/div>\n<div><\/div>\n<p><strong>Especificaciones t\u00e9cnicas<br \/>\n<\/strong><\/p>\n<ul>\n<li>Fuente de luz: L\u00e1ser visible (650mm)<\/li>\n<li>M\u00e9todo de uso: Manual o sobremesa. Lectura autom\u00e1tica o con pulsador<\/li>\n<li>Velocidad: Hasta 200 lecturas por segundo<\/li>\n<li>Simbolog\u00edas: EAN-8, EAN-13, UPC-A, UPC-E, Code 39, Code 93, Code 128, EAN128, Codabar industrial 2 of 5, Interleave 2 of 5, Matrix 2 of 5, MSI, EMS code<\/li>\n<li>Elevaci\u00f3n lectura: 82\u00ba<\/li>\n<li>Inclinaci\u00f3n lectura: 72\u00ba<\/li>\n<li>Seguridad: Producto laser clase 1, EN60825<\/li>\n<li>Sellado: IP64<\/li>\n<li>Intensidad: 450cd<\/li>\n<li>Interface: USB<\/li>\n<li>Color Negro<\/li>\n<li>Soporte incluido<\/li>\n<li>Peso: 130 g (sin soporte)<\/li>\n<li>Medidas: 163 x 69 x 103mm (sin soporte)<\/li>\n<li>Voltaje: +5V +\/- 5%<\/li>\n<li>Consumo: 65mA (Stand By: 30mA)<\/li>\n<\/ul>\n","protected":false},"excerpt":{"rendered":"<p>Lector de c\u00f3digo de barras L\u00e1ser, capaz de leer todos los tipos de c\u00f3digo 1D est\u00e1ndar del mercado, con un precio muy competitivo. Carcasa con dise\u00f1o ergon\u00f3mico para un uso continuo y con sellado IP64. El scanner ofrece auto discriminaci\u00f3n de c\u00f3digos, alta capacidad de decodificaci\u00f3n y de lectura y un reducido consumo de energ\u00eda, [&hellip;]<\/p>\n","protected":false},"featured_media":1474,"template":"","meta":{"site-sidebar-layout":"default","site-content-layout":"","ast-site-content-layout":"default","site-content-style":"default","site-sidebar-style":"default","ast-global-header-display":"","ast-banner-title-visibility":"","ast-main-header-display":"","ast-hfb-above-header-display":"","ast-hfb-below-header-display":"","ast-hfb-mobile-header-display":"","site-post-title":"","ast-breadcrumbs-content":"","ast-featured-img":"","footer-sml-layout":"","ast-disable-related-posts":"","theme-transparent-header-meta":"default","adv-header-id-meta":"","stick-header-meta":"default","header-above-stick-meta":"","header-main-stick-meta":"","header-below-stick-meta":"","astra-migrate-meta-layouts":"set","ast-page-background-enabled":"default","ast-page-background-meta":{"desktop":{"background-color":"","background-image":"","background-repeat":"repeat","background-position":"center center","background-size":"auto","background-attachment":"scroll","background-type":"","background-media":"","overlay-type":"","overlay-color":"","overlay-opacity":"","overlay-gradient":""},"tablet":{"background-color":"","background-image":"","background-repeat":"repeat","background-position":"center center","background-size":"auto","background-attachment":"scroll","background-type":"","background-media":"","overlay-type":"","overlay-color":"","overlay-opacity":"","overlay-gradient":""},"mobile":{"background-color":"","background-image":"","background-repeat":"repeat","background-position":"center center","background-size":"auto","background-attachment":"scroll","background-type":"","background-media":"","overlay-type":"","overlay-color":"","overlay-opacity":"","overlay-gradient":""}},"ast-content-background-meta":{"desktop":{"background-color":"var(--ast-global-color-5)","background-image":"","background-repeat":"repeat","background-position":"center center","background-size":"auto","background-attachment":"scroll","background-type":"","background-media":"","overlay-type":"","overlay-color":"","overlay-opacity":"","overlay-gradient":""},"tablet":{"background-color":"var(--ast-global-color-5)","background-image":"","background-repeat":"repeat","background-position":"center center","background-size":"auto","background-attachment":"scroll","background-type":"","background-media":"","overlay-type":"","overlay-color":"","overlay-opacity":"","overlay-gradient":""},"mobile":{"background-color":"var(--ast-global-color-5)","background-image":"","background-repeat":"repeat","background-position":"center center","background-size":"auto","background-attachment":"scroll","background-type":"","background-media":"","overlay-type":"","overlay-color":"","overlay-opacity":"","overlay-gradient":""}}},"product_brand":[],"product_cat":[92],"product_tag":[],"class_list":{"0":"post-1473","1":"product","2":"type-product","3":"status-publish","4":"has-post-thumbnail","6":"product_cat-tpv","7":"desktop-align-left","8":"tablet-align-left","9":"mobile-align-left","10":"ast-product-gallery-layout-horizontal","11":"ast-magnify-disabled","12":"ast-product-tabs-layout-vertical","14":"first","15":"instock","16":"taxable","17":"shipping-taxable","18":"product-type-simple"},"_links":{"self":[{"href":"https:\/\/www.firnax.com\/index.php\/wp-json\/wp\/v2\/product\/1473","targetHints":{"allow":["GET"]}}],"collection":[{"href":"https:\/\/www.firnax.com\/index.php\/wp-json\/wp\/v2\/product"}],"about":[{"href":"https:\/\/www.firnax.com\/index.php\/wp-json\/wp\/v2\/types\/product"}],"wp:featuredmedia":[{"embeddable":true,"href":"https:\/\/www.firnax.com\/index.php\/wp-json\/wp\/v2\/media\/1474"}],"wp:attachment":[{"href":"https:\/\/www.firnax.com\/index.php\/wp-json\/wp\/v2\/media?parent=1473"}],"wp:term":[{"taxonomy":"product_brand","embeddable":true,"href":"https:\/\/www.firnax.com\/index.php\/wp-json\/wp\/v2\/product_brand?post=1473"},{"taxonomy":"product_cat","embeddable":true,"href":"https:\/\/www.firnax.com\/index.php\/wp-json\/wp\/v2\/product_cat?post=1473"},{"taxonomy":"product_tag","embeddable":true,"href":"https:\/\/www.firnax.com\/index.php\/wp-json\/wp\/v2\/product_tag?post=1473"}],"curies":[{"name":"wp","href":"https:\/\/api.w.org\/{rel}","templated":true}]}}