{"id":1463,"date":"2024-01-09T15:01:27","date_gmt":"2024-01-09T13:01:27","guid":{"rendered":"https:\/\/www.firnax.com\/?post_type=product&#038;p=1463"},"modified":"2024-01-09T22:26:19","modified_gmt":"2024-01-09T20:26:19","slug":"impresora-de-tickets-10pos-rp-12n-termica-ancho-papel-80mm-usb-rs232-ethernet-rj11-negra","status":"publish","type":"product","link":"https:\/\/www.firnax.com\/index.php\/producto\/impresora-de-tickets-10pos-rp-12n-termica-ancho-papel-80mm-usb-rs232-ethernet-rj11-negra\/","title":{"rendered":"Impresora de Tickets 10POS RP-12N\/ T\u00e9rmica\/ Ancho papel 80mm\/ USB-RS232-Ethernet-RJ11\/ Negra"},"content":{"rendered":"<h2>Impresora de tickets t\u00e9rmica 10POS RP-12N, USB, RS232 &amp; Ethernet. F. Alim., cable USB y cable RS232 incluidos.<\/h2>\n<p>La impresora RP-12N de 10POS es la mejor apuesta para cubrir sus necesidades de impresi\u00f3n de ticket a un precio contenido, sin renunciar ni a la fiabilidad ni a las prestaciones.<\/p>\n<p>&nbsp;<\/p>\n<p>Se trata de una impresora t\u00e9rmica de tickets de 80 mm, con autocorte y se\u00f1al ac\u00fastica de fin de impresi\u00f3n.<\/p>\n<p>Con una velocidad de hasta 260 mm\/s, 256Kbde buffer y una resoluci\u00f3n de hasta 203 ppp, la calidad y la rapidez de impresi\u00f3n est\u00e1n garantizadas.<\/p>\n<p>A nivel de comunicaciones, equipada con cuadruple interface (USB, RS232 y Ethernet) m\u00e1s un puerto de apertura de caj\u00f3n.<\/p>\n<p>Compatible con impresi\u00f3n de c\u00f3digos de barras 1D y 2D.<\/p>\n<p>La impresora incluye en su presentaci\u00f3n fuente de alimentaci\u00f3n (24V), cable USB, cable RS232 y un peque\u00f1o rollo de papel t\u00e9rmico de 80 mm.<\/p>\n<ul>\n<li><b>Prestaciones<\/b><\/li>\n<li>Soporte impresi\u00f3n: Ticket<\/li>\n<li>Tecnolog\u00eda: T\u00e9rmica directa<\/li>\n<li>Velocidad (mm\/s): 260 mm\/s<\/li>\n<li>Resoluci\u00f3n: 203 ppp<\/li>\n<li>Ancho: 80 mm<\/li>\n<li>Corte Autom\u00e1tico: SI<\/li>\n<li>Rebobinador: NO<\/li>\n<li>Despegador (Peeler): NO<\/li>\n<li>Banda Magn\u00e9tica: NO<\/li>\n<li>Smart Card:<\/li>\n<li>RFID: NO<\/li>\n<li><b>Instalaci\u00f3n<\/b><\/li>\n<li>Ubicaci\u00f3n: Sobremesa<\/li>\n<li>Interface: USB,RS232,ETHERNET<\/li>\n<li>Montaje en pared: SI<\/li>\n<\/ul>\n<ul>\n<li><b>Especificaciones<br \/>\n<\/b><\/li>\n<li>Impresi\u00f3n<\/li>\n<li>T\u00e9rmica directa<\/li>\n<li>Resoluci\u00f3n<\/li>\n<li>576\/512 ppl<\/li>\n<li>Ancho Impresi\u00f3n<\/li>\n<li>72 mm<\/li>\n<li>Velocidad<\/li>\n<li>260 mm\/s<\/li>\n<li>Corte<\/li>\n<li>Autom\u00e1tico<\/li>\n<li>Interfaz<\/li>\n<li>USB + RS232 + Ethernet + RJ11 (cajon portamonedas)<\/li>\n<li>Buffer<\/li>\n<li>256 Kb<\/li>\n<li>Se\u00f1al ac\u00fastica<\/li>\n<li>S\u00ed (fin de impresi\u00f3n)<\/li>\n<li>NV Flash<\/li>\n<li>256 Kb<\/li>\n<li>Alimentaci\u00f3n<\/li>\n<li>24V (Fuente de alimentaci\u00f3n externa)<\/li>\n<li>Peso Neto<\/li>\n<li>1,0 Kg<\/li>\n<li>Tama\u00f1o<\/li>\n<li>138,2 x 180.2 x 129.5 (ancho x fondo x alto)<\/li>\n<li>Temperatura de trabajo<\/li>\n<li>0 ~ 45\u00ba C, Humedad 10 ~ 80%<\/li>\n<li>Temperatura almac\u00e9n<\/li>\n<li>-10 ~ 60\u00ba C, Humedad 10 ~ 90%<\/li>\n<li>Vida mecanismo<\/li>\n<li>150 Km<\/li>\n<li>Vida corte<\/li>\n<li>1.5 millones de cortes<\/li>\n<li><b>Contenido de caja<\/b><\/li>\n<li>Impresora, Fuente de alimentaci\u00f3n, cable DC, cable USB, cable RS232 y rollo de papel de 80mm de cortes\u00eda.<\/li>\n<\/ul>\n","protected":false},"excerpt":{"rendered":"<p>Impresora de tickets t\u00e9rmica 10POS RP-12N, USB, RS232 &amp; Ethernet. F. Alim., cable USB y cable RS232 incluidos. La impresora RP-12N de 10POS es la mejor apuesta para cubrir sus necesidades de impresi\u00f3n de ticket a un precio contenido, sin renunciar ni a la fiabilidad ni a las prestaciones. &nbsp; Se trata de una impresora [&hellip;]<\/p>\n","protected":false},"featured_media":1464,"template":"","meta":{"site-sidebar-layout":"default","site-content-layout":"","ast-site-content-layout":"default","site-content-style":"default","site-sidebar-style":"default","ast-global-header-display":"","ast-banner-title-visibility":"","ast-main-header-display":"","ast-hfb-above-header-display":"","ast-hfb-below-header-display":"","ast-hfb-mobile-header-display":"","site-post-title":"","ast-breadcrumbs-content":"","ast-featured-img":"","footer-sml-layout":"","ast-disable-related-posts":"","theme-transparent-header-meta":"default","adv-header-id-meta":"","stick-header-meta":"default","header-above-stick-meta":"","header-main-stick-meta":"","header-below-stick-meta":"","astra-migrate-meta-layouts":"set","ast-page-background-enabled":"default","ast-page-background-meta":{"desktop":{"background-color":"","background-image":"","background-repeat":"repeat","background-position":"center center","background-size":"auto","background-attachment":"scroll","background-type":"","background-media":"","overlay-type":"","overlay-color":"","overlay-opacity":"","overlay-gradient":""},"tablet":{"background-color":"","background-image":"","background-repeat":"repeat","background-position":"center center","background-size":"auto","background-attachment":"scroll","background-type":"","background-media":"","overlay-type":"","overlay-color":"","overlay-opacity":"","overlay-gradient":""},"mobile":{"background-color":"","background-image":"","background-repeat":"repeat","background-position":"center center","background-size":"auto","background-attachment":"scroll","background-type":"","background-media":"","overlay-type":"","overlay-color":"","overlay-opacity":"","overlay-gradient":""}},"ast-content-background-meta":{"desktop":{"background-color":"var(--ast-global-color-5)","background-image":"","background-repeat":"repeat","background-position":"center center","background-size":"auto","background-attachment":"scroll","background-type":"","background-media":"","overlay-type":"","overlay-color":"","overlay-opacity":"","overlay-gradient":""},"tablet":{"background-color":"var(--ast-global-color-5)","background-image":"","background-repeat":"repeat","background-position":"center center","background-size":"auto","background-attachment":"scroll","background-type":"","background-media":"","overlay-type":"","overlay-color":"","overlay-opacity":"","overlay-gradient":""},"mobile":{"background-color":"var(--ast-global-color-5)","background-image":"","background-repeat":"repeat","background-position":"center center","background-size":"auto","background-attachment":"scroll","background-type":"","background-media":"","overlay-type":"","overlay-color":"","overlay-opacity":"","overlay-gradient":""}}},"product_brand":[],"product_cat":[92],"product_tag":[],"class_list":{"0":"post-1463","1":"product","2":"type-product","3":"status-publish","4":"has-post-thumbnail","6":"product_cat-tpv","7":"desktop-align-left","8":"tablet-align-left","9":"mobile-align-left","10":"ast-product-gallery-layout-horizontal","11":"ast-magnify-disabled","12":"ast-product-tabs-layout-vertical","14":"first","15":"instock","16":"taxable","17":"shipping-taxable","18":"product-type-simple"},"_links":{"self":[{"href":"https:\/\/www.firnax.com\/index.php\/wp-json\/wp\/v2\/product\/1463","targetHints":{"allow":["GET"]}}],"collection":[{"href":"https:\/\/www.firnax.com\/index.php\/wp-json\/wp\/v2\/product"}],"about":[{"href":"https:\/\/www.firnax.com\/index.php\/wp-json\/wp\/v2\/types\/product"}],"wp:featuredmedia":[{"embeddable":true,"href":"https:\/\/www.firnax.com\/index.php\/wp-json\/wp\/v2\/media\/1464"}],"wp:attachment":[{"href":"https:\/\/www.firnax.com\/index.php\/wp-json\/wp\/v2\/media?parent=1463"}],"wp:term":[{"taxonomy":"product_brand","embeddable":true,"href":"https:\/\/www.firnax.com\/index.php\/wp-json\/wp\/v2\/product_brand?post=1463"},{"taxonomy":"product_cat","embeddable":true,"href":"https:\/\/www.firnax.com\/index.php\/wp-json\/wp\/v2\/product_cat?post=1463"},{"taxonomy":"product_tag","embeddable":true,"href":"https:\/\/www.firnax.com\/index.php\/wp-json\/wp\/v2\/product_tag?post=1463"}],"curies":[{"name":"wp","href":"https:\/\/api.w.org\/{rel}","templated":true}]}}