{"id":1462,"date":"2024-01-09T14:58:52","date_gmt":"2024-01-09T12:58:52","guid":{"rendered":"https:\/\/www.firnax.com\/?post_type=product&#038;p=1462"},"modified":"2024-01-09T22:26:27","modified_gmt":"2024-01-09T20:26:27","slug":"tpv-10pos-ft-15nj48128-intel-j4125-8gb-128gb-ssd-15-tactil","status":"publish","type":"product","link":"https:\/\/www.firnax.com\/index.php\/producto\/tpv-10pos-ft-15nj48128-intel-j4125-8gb-128gb-ssd-15-tactil\/","title":{"rendered":"TPV 10POS FT-15NJ48128\/ Intel J4125\/ 8GB\/ 128GB SSD\/ 15&#8243;\/ T\u00e1ctil"},"content":{"rendered":"<ul>\n<li>Los terminales 10POS FT-15 consiguen el equilibrio perfecto entre prestaciones y precio.<\/li>\n<li>Con un dise\u00f1o estilizado, un panel t\u00e1ctil capacitivo FLAT de 15\u201d LED, procesadores Intel J4125, memoria RAM de 8Gb DDR4 y discos SSD SATA M2 desde 128Gb, es el compa\u00f1ero perfecto para su negocio. Adem\u00e1s, su soporte met\u00e1lico le confiere una estabilidad m\u00e1xima con un elegante dise\u00f1o.<\/li>\n<li>A nivel de comunicaciones, el equipo incluye 6 puertos USB, cuatro de los cuales son 3.0, 2 puertos RS232, 1 puerto ethernet 10\/100\/1000, 1 de 2\u00aa VGA y 2 de Audio (In &amp; Out).<\/li>\n<li>El equipo es compatible con sistemas operativos Windows 10 \/ Windows 10 IoT.<\/li>\n<\/ul>\n<ul>\n<li><b>Prestaciones<\/b><\/li>\n<li>Refrigeraci\u00f3n: Fanless<\/li>\n<li>Tipo de t\u00e1ctil: Flat Capacitivo<\/li>\n<li>Tama\u00f1o pantalla (Pulgadas): 15<\/li>\n<li>Sistema Operativo: Windows (no incluido)<\/li>\n<li>Fijaci\u00f3n en pared: No disponible<\/li>\n<li><b>Componentes<\/b><\/li>\n<li>Procesador: J4125<\/li>\n<li>Memoria RAM (Gb): 8<\/li>\n<li>Tipo de Disco Duro: SSD<\/li>\n<li>Capacidad de Disco Duro (Gb): 128<\/li>\n<li><b>Puertos de comunicaci\u00f3n<\/b><\/li>\n<li>USB: 2 * USB 2.0,4 * USB 3.0<\/li>\n<li>RS232: 2 * DB9<\/li>\n<li>Ethernet: 1 * 10\/100\/1000<\/li>\n<li>2\u00aa Pantalla: 1 * VGA<\/li>\n<li>Sonido: 1 * In &amp; Out<\/li>\n<\/ul>\n","protected":false},"excerpt":{"rendered":"<p>Los terminales 10POS FT-15 consiguen el equilibrio perfecto entre prestaciones y precio. Con un dise\u00f1o estilizado, un panel t\u00e1ctil capacitivo FLAT de 15\u201d LED, procesadores Intel J4125, memoria RAM de 8Gb DDR4 y discos SSD SATA M2 desde 128Gb, es el compa\u00f1ero perfecto para su negocio. Adem\u00e1s, su soporte met\u00e1lico le confiere una estabilidad m\u00e1xima [&hellip;]<\/p>\n","protected":false},"featured_media":1459,"template":"","meta":{"site-sidebar-layout":"default","site-content-layout":"","ast-site-content-layout":"default","site-content-style":"default","site-sidebar-style":"default","ast-global-header-display":"","ast-banner-title-visibility":"","ast-main-header-display":"","ast-hfb-above-header-display":"","ast-hfb-below-header-display":"","ast-hfb-mobile-header-display":"","site-post-title":"","ast-breadcrumbs-content":"","ast-featured-img":"","footer-sml-layout":"","ast-disable-related-posts":"","theme-transparent-header-meta":"default","adv-header-id-meta":"","stick-header-meta":"default","header-above-stick-meta":"","header-main-stick-meta":"","header-below-stick-meta":"","astra-migrate-meta-layouts":"set","ast-page-background-enabled":"default","ast-page-background-meta":{"desktop":{"background-color":"","background-image":"","background-repeat":"repeat","background-position":"center center","background-size":"auto","background-attachment":"scroll","background-type":"","background-media":"","overlay-type":"","overlay-color":"","overlay-opacity":"","overlay-gradient":""},"tablet":{"background-color":"","background-image":"","background-repeat":"repeat","background-position":"center center","background-size":"auto","background-attachment":"scroll","background-type":"","background-media":"","overlay-type":"","overlay-color":"","overlay-opacity":"","overlay-gradient":""},"mobile":{"background-color":"","background-image":"","background-repeat":"repeat","background-position":"center center","background-size":"auto","background-attachment":"scroll","background-type":"","background-media":"","overlay-type":"","overlay-color":"","overlay-opacity":"","overlay-gradient":""}},"ast-content-background-meta":{"desktop":{"background-color":"var(--ast-global-color-5)","background-image":"","background-repeat":"repeat","background-position":"center center","background-size":"auto","background-attachment":"scroll","background-type":"","background-media":"","overlay-type":"","overlay-color":"","overlay-opacity":"","overlay-gradient":""},"tablet":{"background-color":"var(--ast-global-color-5)","background-image":"","background-repeat":"repeat","background-position":"center center","background-size":"auto","background-attachment":"scroll","background-type":"","background-media":"","overlay-type":"","overlay-color":"","overlay-opacity":"","overlay-gradient":""},"mobile":{"background-color":"var(--ast-global-color-5)","background-image":"","background-repeat":"repeat","background-position":"center center","background-size":"auto","background-attachment":"scroll","background-type":"","background-media":"","overlay-type":"","overlay-color":"","overlay-opacity":"","overlay-gradient":""}}},"product_brand":[],"product_cat":[92],"product_tag":[],"class_list":{"0":"post-1462","1":"product","2":"type-product","3":"status-publish","4":"has-post-thumbnail","6":"product_cat-tpv","7":"desktop-align-left","8":"tablet-align-left","9":"mobile-align-left","10":"ast-product-gallery-layout-horizontal","11":"ast-magnify-disabled","12":"ast-product-tabs-layout-vertical","14":"first","15":"instock","16":"taxable","17":"shipping-taxable","18":"product-type-simple"},"_links":{"self":[{"href":"https:\/\/www.firnax.com\/index.php\/wp-json\/wp\/v2\/product\/1462","targetHints":{"allow":["GET"]}}],"collection":[{"href":"https:\/\/www.firnax.com\/index.php\/wp-json\/wp\/v2\/product"}],"about":[{"href":"https:\/\/www.firnax.com\/index.php\/wp-json\/wp\/v2\/types\/product"}],"wp:featuredmedia":[{"embeddable":true,"href":"https:\/\/www.firnax.com\/index.php\/wp-json\/wp\/v2\/media\/1459"}],"wp:attachment":[{"href":"https:\/\/www.firnax.com\/index.php\/wp-json\/wp\/v2\/media?parent=1462"}],"wp:term":[{"taxonomy":"product_brand","embeddable":true,"href":"https:\/\/www.firnax.com\/index.php\/wp-json\/wp\/v2\/product_brand?post=1462"},{"taxonomy":"product_cat","embeddable":true,"href":"https:\/\/www.firnax.com\/index.php\/wp-json\/wp\/v2\/product_cat?post=1462"},{"taxonomy":"product_tag","embeddable":true,"href":"https:\/\/www.firnax.com\/index.php\/wp-json\/wp\/v2\/product_tag?post=1462"}],"curies":[{"name":"wp","href":"https:\/\/api.w.org\/{rel}","templated":true}]}}